{"id":7650,"date":"2025-01-28T15:43:57","date_gmt":"2025-01-28T14:43:57","guid":{"rendered":"http:\/\/laquartina.com\/politique-de-confidentialite\/"},"modified":"2026-02-06T10:09:45","modified_gmt":"2026-02-06T09:09:45","slug":"politique-de-confidentialite","status":"publish","type":"page","link":"https:\/\/laquartina.com\/fr\/politique-de-confidentialite\/","title":{"rendered":"politique de confidentialit\u00e9"},"content":{"rendered":"[vc_row type=\u00a0\u00bbin_container\u00a0\u00bb full_screen_row_position=\u00a0\u00bbmiddle\u00a0\u00bb column_margin=\u00a0\u00bbdefault\u00a0\u00bb column_direction=\u00a0\u00bbdefault\u00a0\u00bb column_direction_tablet=\u00a0\u00bbdefault\u00a0\u00bb column_direction_phone=\u00a0\u00bbdefault\u00a0\u00bb scene_position=\u00a0\u00bbcenter\u00a0\u00bb text_color=\u00a0\u00bbdark\u00a0\u00bb text_align=\u00a0\u00bbleft\u00a0\u00bb row_border_radius=\u00a0\u00bbnone\u00a0\u00bb row_border_radius_applies=\u00a0\u00bbbg\u00a0\u00bb row_position_desktop=\u00a0\u00bbdefault\u00a0\u00bb row_position_tablet=\u00a0\u00bbinherit\u00a0\u00bb row_position_phone=\u00a0\u00bbinherit\u00a0\u00bb overflow=\u00a0\u00bbvisible\u00a0\u00bb overlay_strength=\u00a0\u00bb0.3&Prime; gradient_direction=\u00a0\u00bbleft_to_right\u00a0\u00bb shape_divider_position=\u00a0\u00bbbottom\u00a0\u00bb bg_image_animation=\u00a0\u00bbnone\u00a0\u00bb][vc_column column_padding=\u00a0\u00bbno-extra-padding\u00a0\u00bb column_padding_tablet=\u00a0\u00bbinherit\u00a0\u00bb column_padding_phone=\u00a0\u00bbinherit\u00a0\u00bb column_padding_position=\u00a0\u00bball\u00a0\u00bb flex_gap_desktop=\u00a0\u00bb10px\u00a0\u00bb column_element_direction_desktop=\u00a0\u00bbdefault\u00a0\u00bb column_element_spacing=\u00a0\u00bbdefault\u00a0\u00bb desktop_text_alignment=\u00a0\u00bbdefault\u00a0\u00bb tablet_text_alignment=\u00a0\u00bbdefault\u00a0\u00bb phone_text_alignment=\u00a0\u00bbdefault\u00a0\u00bb background_color_opacity=\u00a0\u00bb1&Prime; background_hover_color_opacity=\u00a0\u00bb1&Prime; column_backdrop_filter=\u00a0\u00bbnone\u00a0\u00bb column_shadow=\u00a0\u00bbnone\u00a0\u00bb column_border_radius=\u00a0\u00bbnone\u00a0\u00bb column_link_target=\u00a0\u00bb_self\u00a0\u00bb column_position=\u00a0\u00bbdefault\u00a0\u00bb gradient_direction=\u00a0\u00bbleft_to_right\u00a0\u00bb overlay_strength=\u00a0\u00bb0.3&Prime; width=\u00a0\u00bb1\/1&Prime; tablet_width_inherit=\u00a0\u00bbdefault\u00a0\u00bb animation_type=\u00a0\u00bbdefault\u00a0\u00bb bg_image_animation=\u00a0\u00bbnone\u00a0\u00bb border_type=\u00a0\u00bbsimple\u00a0\u00bb column_border_width=\u00a0\u00bbnone\u00a0\u00bb column_border_style=\u00a0\u00bbsolid\u00a0\u00bb][vc_column_text css=\u00a0\u00bb\u00a0\u00bb text_direction=\u00a0\u00bbdefault\u00a0\u00bb]\n<h4>www.laquartina.com<\/h4>\n<p>Ce site collecte des donn\u00e9es personnelles aupr\u00e8s de ses utilisateurs.<\/p>\n<h2>Responsable du traitement des donn\u00e9es<\/h2>\n<p><!-- \/wp:post-content --><\/p>\n<p><!-- wp:paragraph --><b>H\u00f4tel La Quartina<\/b> &#8211; <b>Via Pallanza, 20 &#8211; 28802 Mergozzo (VB)<\/b> &#8211; <b>Italie<\/b><br \/> Responsable : <b>Laura Profumo<\/b><br \/> Courriel&nbsp;: <b>info@laquartina.com<\/b><\/p>\n<p><!-- \/wp:paragraph --><\/p>\n<p><!-- wp:heading -->[\/vc_column_text][\/vc_column][\/vc_row][vc_row type=\u00a0\u00bbin_container\u00a0\u00bb full_screen_row_position=\u00a0\u00bbmiddle\u00a0\u00bb column_margin=\u00a0\u00bbdefault\u00a0\u00bb column_direction=\u00a0\u00bbdefault\u00a0\u00bb column_direction_tablet=\u00a0\u00bbdefault\u00a0\u00bb column_direction_phone=\u00a0\u00bbdefault\u00a0\u00bb scene_position=\u00a0\u00bbcenter\u00a0\u00bb text_color=\u00a0\u00bbdark\u00a0\u00bb text_align=\u00a0\u00bbleft\u00a0\u00bb row_border_radius=\u00a0\u00bbnone\u00a0\u00bb row_border_radius_applies=\u00a0\u00bbbg\u00a0\u00bb row_position_desktop=\u00a0\u00bbdefault\u00a0\u00bb row_position_tablet=\u00a0\u00bbinherit\u00a0\u00bb row_position_phone=\u00a0\u00bbinherit\u00a0\u00bb overflow=\u00a0\u00bbvisible\u00a0\u00bb overlay_strength=\u00a0\u00bb0.3&Prime; gradient_direction=\u00a0\u00bbleft_to_right\u00a0\u00bb shape_divider_position=\u00a0\u00bbbottom\u00a0\u00bb bg_image_animation=\u00a0\u00bbnone\u00a0\u00bb][vc_column column_padding=\u00a0\u00bbno-extra-padding\u00a0\u00bb column_padding_tablet=\u00a0\u00bbinherit\u00a0\u00bb column_padding_phone=\u00a0\u00bbinherit\u00a0\u00bb column_padding_position=\u00a0\u00bball\u00a0\u00bb flex_gap_desktop=\u00a0\u00bb10px\u00a0\u00bb column_element_direction_desktop=\u00a0\u00bbdefault\u00a0\u00bb column_element_spacing=\u00a0\u00bbdefault\u00a0\u00bb desktop_text_alignment=\u00a0\u00bbdefault\u00a0\u00bb tablet_text_alignment=\u00a0\u00bbdefault\u00a0\u00bb phone_text_alignment=\u00a0\u00bbdefault\u00a0\u00bb background_color_opacity=\u00a0\u00bb1&Prime; background_hover_color_opacity=\u00a0\u00bb1&Prime; column_backdrop_filter=\u00a0\u00bbnone\u00a0\u00bb column_shadow=\u00a0\u00bbnone\u00a0\u00bb column_border_radius=\u00a0\u00bbnone\u00a0\u00bb column_link_target=\u00a0\u00bb_self\u00a0\u00bb column_position=\u00a0\u00bbdefault\u00a0\u00bb gradient_direction=\u00a0\u00bbleft_to_right\u00a0\u00bb overlay_strength=\u00a0\u00bb0.3&Prime; width=\u00a0\u00bb1\/1&Prime; tablet_width_inherit=\u00a0\u00bbdefault\u00a0\u00bb animation_type=\u00a0\u00bbdefault\u00a0\u00bb bg_image_animation=\u00a0\u00bbnone\u00a0\u00bb border_type=\u00a0\u00bbsimple\u00a0\u00bb column_border_width=\u00a0\u00bbnone\u00a0\u00bb column_border_style=\u00a0\u00bbsolid\u00a0\u00bb][vc_column_text css=\u00a0\u00bb\u00a0\u00bb text_direction=\u00a0\u00bbdefault\u00a0\u00bb]\n<h1>politique de confidentialit\u00e9<\/h1>\n[\/vc_column_text][vc_column_text css=\u00a0\u00bb\u00a0\u00bb text_direction=\u00a0\u00bbdefault\u00a0\u00bb]\n<p><!-- wp:heading --><\/p>\n<h2>Types de donn\u00e9es collect\u00e9es<\/h2>\n<p class=\"p1\">Parmi les donn\u00e9es personnelles collect\u00e9es par le site web <i>www.laquartina.com<\/i> , de mani\u00e8re ind\u00e9pendante ou par l&rsquo;interm\u00e9diaire de tiers, figurent : <span class=\"s1\"><b>Nom, Pr\u00e9nom, Adresse \u00e9lectronique, Num\u00e9ro de t\u00e9l\u00e9phone, Donn\u00e9es d&rsquo;utilisation et Cookies<\/b><\/span> .<\/p>\n<p class=\"p1\">Les donn\u00e9es personnelles peuvent \u00eatre fournies directement par l&rsquo;utilisateur ou collect\u00e9es automatiquement par des outils de suivi. Sauf indication contraire, toutes les donn\u00e9es demand\u00e9es sont <span class=\"s1\"><b>obligatoires<\/b><\/span> pour la fourniture des services. L&rsquo;utilisateur peut \u00e0 tout moment contacter le responsable du traitement des donn\u00e9es pour obtenir des informations compl\u00e9mentaires sur les donn\u00e9es demand\u00e9es.  <\/p>\n<p class=\"p1\">L\u2019utilisation de <span class=\"s1\"><b>cookies<\/b><\/span> ou d\u2019autres outils de suivi vise \u00e0 fournir le service demand\u00e9 par l\u2019utilisateur et aux autres fins d\u00e9crites dans le pr\u00e9sent document et dans la <span class=\"s1\"><b>politique relative aux cookies<\/b><\/span> .<\/p>\n<p class=\"p1\">L\u2019utilisateur est responsable des donn\u00e9es personnelles de tiers communiqu\u00e9es via ce site et garantit avoir le droit de partager ces donn\u00e9es, d\u00e9gageant ainsi le responsable du traitement des donn\u00e9es de toute responsabilit\u00e9.<\/p>\n<h2>M\u00e9thode et lieu de traitement des donn\u00e9es collect\u00e9es<\/h2>\n<p class=\"p1\">Le responsable du traitement des donn\u00e9es adopte <span class=\"s1\"><b>des mesures de s\u00e9curit\u00e9<\/b><\/span> pour prot\u00e9ger les donn\u00e9es personnelles contre tout acc\u00e8s, divulgation ou modification non autoris\u00e9s.<\/p>\n<p class=\"p1\">Le traitement est effectu\u00e9 par voie informatique et \u00e9lectronique, selon des m\u00e9thodes strictement li\u00e9es aux finalit\u00e9s d\u00e9clar\u00e9es. Outre le responsable du traitement, d&rsquo;autres parties impliqu\u00e9es dans la gestion du site ( <i>personnel administratif, commercial et technique, prestataires de services informatiques, h\u00e9bergeurs et consultants en marketing<\/i> ) peuvent, dans certains cas, avoir acc\u00e8s aux donn\u00e9es. Une liste actualis\u00e9e peut \u00eatre obtenue aupr\u00e8s du responsable du traitement. <span class=\"s1\"><b>Lakeside Communication Srl<\/b><\/span> et ses collaborateurs peuvent acc\u00e9der au site \u00e0 des fins de gestion et de maintenance techniques et consulter certaines donn\u00e9es collect\u00e9es pour l&rsquo;optimisation et la s\u00e9curit\u00e9 du site. Toutefois, ces donn\u00e9es ne seront pas utilis\u00e9es \u00e0 des fins commerciales ou de marketing ind\u00e9pendant.   <\/p>\n<h2>Base juridique du traitement<\/h2>\n<p>Le responsable du traitement des donn\u00e9es traite les donn\u00e9es personnelles relatives \u00e0 l&rsquo;utilisateur si l&rsquo;une des conditions suivantes est remplie&nbsp;:<\/p>\n<ul>\n<li>l&rsquo;Utilisateur a donn\u00e9 son consentement pour une ou plusieurs finalit\u00e9s sp\u00e9cifiques&nbsp;;<\/li>\n<li>le traitement est n\u00e9cessaire \u00e0 l\u2019ex\u00e9cution d\u2019un contrat avec l\u2019Utilisateur et\/ou \u00e0 l\u2019ex\u00e9cution de mesures pr\u00e9contractuelles&nbsp;;<\/li>\n<li>Le traitement est n\u00e9cessaire au respect d\u2019une obligation l\u00e9gale \u00e0 laquelle le responsable du traitement des donn\u00e9es est soumis&nbsp;;<\/li>\n<li>le traitement est n\u00e9cessaire \u00e0 l\u2019ex\u00e9cution d\u2019une mission d\u2019int\u00e9r\u00eat public ou relevant de l\u2019exercice de l\u2019autorit\u00e9 publique dont est investi le responsable du traitement&nbsp;;<\/li>\n<li>Le traitement est n\u00e9cessaire \u00e0 la poursuite des int\u00e9r\u00eats l\u00e9gitimes du responsable du traitement ou de tiers.<\/li>\n<\/ul>\n<p>En tout \u00e9tat de cause, il est toujours possible de demander au responsable du traitement des donn\u00e9es de pr\u00e9ciser le traitement, s&rsquo;il est fond\u00e9 sur la loi, requis par un contrat ou n\u00e9cessaire \u00e0 la conclusion d&rsquo;un contrat.<\/p>\n<h2>Lieu de traitement et de transfert des donn\u00e9es<\/h2>\n<p class=\"p1\">Les donn\u00e9es sont trait\u00e9es au si\u00e8ge du responsable du traitement et dans d&rsquo;autres lieux o\u00f9 se trouvent les responsables du traitement.<\/p>\n<p class=\"p1\">Le site utilise <span class=\"s2\"><b>Google Analytics 4 (GA4)<\/b><\/span> pour collecter des donn\u00e9es anonymes sur l&rsquo;utilisation du site, telles que le nombre de visiteurs et le comportement de navigation.<\/p>\n<p class=\"p1\">\u2705 <span class=\"s2\"><b>Anonymisation de l&rsquo;adresse IP<\/b><\/span> : Nous avons activ\u00e9 la fonction <span class=\"s2\"><b>d&rsquo;anonymisation de l&rsquo;adresse IP<\/b><\/span> , afin que Google <span class=\"s2\"><b>ne stocke pas<\/b><\/span> votre adresse IP compl\u00e8te.<\/p>\n<p class=\"p1\">\u2705 <span class=\"s2\"><b>Donn\u00e9es agr\u00e9g\u00e9es<\/b><\/span> : Les donn\u00e9es collect\u00e9es sont utilis\u00e9es sous forme agr\u00e9g\u00e9e pour am\u00e9liorer le site.<\/p>\n<p class=\"p1\">\u2705 <span class=\"s2\"><b>Cookies et consentement<\/b><\/span> : Google Analytics ne collecte des donn\u00e9es que si l&rsquo;utilisateur donne <span class=\"s2\"><b>son consentement explicite<\/b><\/span> via la banni\u00e8re de cookies.<\/p>\n<p class=\"p1\">Google peut transf\u00e9rer des donn\u00e9es aux <span class=\"s2\"><b>\u00c9tats-Unis<\/b><\/span> ou dans d&rsquo;autres pays, mais utilise <span class=\"s2\"><b>des clauses contractuelles types (CCT)<\/b><\/span> pour garantir la protection des donn\u00e9es. Plus d&rsquo;informations sur les pratiques de confidentialit\u00e9 de Google sont disponibles ici&nbsp;: <\/p>\n<p><a href=\"https:\/\/policies.google.com\/privacy\" target=\"_blank\" rel=\"noopener\">Politique de confidentialit\u00e9 de Google<\/a><\/p>\n<p><a href=\"https:\/\/tools.google.com\/dlpage\/gaoptout\" target=\"_blank\" rel=\"noopener\">D\u00e9sactivation de Google Analytics<\/a><\/p>\n<h2>P\u00e9riode de r\u00e9tention<\/h2>\n<p class=\"p1\">Les donn\u00e9es personnelles ne sont conserv\u00e9es que pendant la dur\u00e9e strictement n\u00e9cessaire&nbsp;:<\/p>\n<ul>\n<li class=\"p2\"><span class=\"s1\"><b>Les donn\u00e9es collect\u00e9es pour un contrat<\/b><\/span> sont conserv\u00e9es jusqu&rsquo;\u00e0 l&rsquo;ex\u00e9cution compl\u00e8te du contrat.<\/li>\n<li class=\"p2\"><b>Les donn\u00e9es collect\u00e9es \u00e0 des fins de marketing<\/b> sont conserv\u00e9es jusqu&rsquo;\u00e0 ce que l&rsquo;utilisateur retire son consentement.<\/li>\n<li class=\"p2\"><b>Donn\u00e9es collect\u00e9es via Google Analytics<\/b> \u2192 stock\u00e9es de mani\u00e8re anonyme pendant une dur\u00e9e maximale de <span class=\"s1\"><b>14 mois<\/b><\/span> .<\/li>\n<li class=\"p2\"><b>Donn\u00e9es collect\u00e9es pour r\u00e9pondre aux obligations l\u00e9gales<\/b> \u2192 stock\u00e9es conform\u00e9ment aux dispositions l\u00e9gales.<\/li>\n<\/ul>\n<p class=\"p1\">\u00c0 la fin de la p\u00e9riode de conservation, les donn\u00e9es sont supprim\u00e9es.<\/p>\n<h2>Finalit\u00e9 du traitement des donn\u00e9es collect\u00e9es<\/h2>\n<p class=\"p1\">Les donn\u00e9es des utilisateurs sont collect\u00e9es aux fins suivantes&nbsp;:<\/p>\n<ul>\n<li class=\"p2\"><span class=\"s1\"><b>Contactez l&rsquo;utilisateur<\/b><\/span> via un formulaire ou par e-mail.<\/li>\n<li class=\"p2\"><b>Statistiques d&rsquo;utilisation du site web<\/b> <span class=\"s2\">(Google Analytics).<\/span><\/li>\n<li class=\"p2\"><b>Gestion de la s\u00e9curit\u00e9 du site<\/b> <span class=\"s2\">(Wordfence).<\/span><\/li>\n<li class=\"p2\"><b>Interaction avec les r\u00e9seaux sociaux<\/b> (par exemple, liens vers des pages sociales).<\/li>\n<\/ul>\n<h2>Liens vers des sites tiers<\/h2>\n<p>Notre site peut contenir des liens vers ou provenant de sites web tiers. Veuillez noter que ces sites ont leurs propres politiques de confidentialit\u00e9 et que nous d\u00e9clinons toute responsabilit\u00e9 quant \u00e0 ces politiques. Nous vous invitons \u00e0 consulter leurs politiques respectives avant de leur communiquer vos informations personnelles.  <\/p>\n<h2>Droits de l&rsquo;utilisateur<\/h2>\n<p class=\"p1\">L&rsquo;utilisateur peut exercer les droits suivants&nbsp;:<\/p>\n<p class=\"p1\">\u2714 <span class=\"s1\"><b>Vous pouvez retirer votre consentement<\/b><\/span> \u00e0 tout moment.<\/p>\n<p class=\"p1\">\u2714 <span class=\"s1\"><b>Acc\u00e9dez \u00e0 vos donn\u00e9es<\/b><\/span> et obtenez-en une copie.<\/p>\n<p class=\"p2\"><span class=\"s2\">\u2714<\/span> <b>Demander la suppression<\/b> <span class=\"s2\">ou la rectification des donn\u00e9es.<\/span><\/p>\n<p class=\"p1\">\u2714 <span class=\"s1\"><b>Limiter le traitement des donn\u00e9es<\/b><\/span> en cas de contestation.<\/p>\n<p class=\"p1\">\u2714 <span class=\"s1\"><b>S\u2019opposer au traitement<\/b><\/span> \u00e0 des fins de prospection commerciale.<\/p>\n<p class=\"p1\">\u2714 <span class=\"s1\"><b>D\u00e9poser une plainte<\/b><\/span> aupr\u00e8s de l&rsquo;autorit\u00e9 comp\u00e9tente en mati\u00e8re de protection des donn\u00e9es.<\/p>\n<p class=\"p2\"><span class=\"s2\">\ud83d\udce9<\/span> <b>Comment exercer vos droits ?<\/b><b><\/b><\/p>\n<p class=\"p1\">L&rsquo;utilisateur peut envoyer une demande par courriel \u00e0 <span class=\"s1\"><b>info@laquartina.com<\/b><\/span> et recevra une r\u00e9ponse dans un d\u00e9lai de <span class=\"s1\"><b>30 jours<\/b><\/span> .<\/p>\n<h2>D\u00e9tails sur le droit d&rsquo;opposition<\/h2>\n<p class=\"p1\">Pour des raisons <span class=\"s1\"><b>op\u00e9rationnelles et de s\u00e9curit\u00e9<\/b><\/span> , ce site utilise des outils de surveillance ( <i>par exemple, pare-feu, journaux syst\u00e8me<\/i> ) qui peuvent collecter des donn\u00e9es de navigation, telles que <span class=\"s1\"><b>des adresses IP anonymes<\/b><\/span> .<\/p>\n<p class=\"p1\">\ud83d\udeab Ce site <span class=\"s1\"><b>ne prend pas en charge<\/b><\/span> les demandes <i>\u00ab Ne pas suivre \u00bb<\/i> .<\/p>\n<h2 class=\"p1\"><b>Modifications apport\u00e9es \u00e0 la pr\u00e9sente politique de confidentialit\u00e9<\/b><b><\/b><\/h2>\n<p class=\"p3\">Le responsable du traitement des donn\u00e9es se r\u00e9serve le droit de modifier cette politique \u00e0 tout moment. Toute mise \u00e0 jour sera notifi\u00e9e aux utilisateurs par le biais de&nbsp;: <\/p>\n<p class=\"p4\">\u2022\ud83d\udce2 Un avis sur cette page.<\/p>\n<p class=\"p4\">\u2022\ud83d\udce9 Un courriel (si l\u2019utilisateur a fourni ses coordonn\u00e9es).<\/p>\n<p class=\"p3\">Nous vous recommandons de consulter cette page r\u00e9guli\u00e8rement.<\/p>\n[\/vc_column_text][\/vc_column][\/vc_row][vc_row type=\u00a0\u00bbin_container\u00a0\u00bb full_screen_row_position=\u00a0\u00bbmiddle\u00a0\u00bb column_margin=\u00a0\u00bbdefault\u00a0\u00bb column_direction=\u00a0\u00bbdefault\u00a0\u00bb column_direction_tablet=\u00a0\u00bbdefault\u00a0\u00bb column_direction_phone=\u00a0\u00bbdefault\u00a0\u00bb scene_position=\u00a0\u00bbcenter\u00a0\u00bb text_color=\u00a0\u00bbdark\u00a0\u00bb text_align=\u00a0\u00bbleft\u00a0\u00bb row_border_radius=\u00a0\u00bbnone\u00a0\u00bb row_border_radius_applies=\u00a0\u00bbbg\u00a0\u00bb row_position_desktop=\u00a0\u00bbdefault\u00a0\u00bb row_position_tablet=\u00a0\u00bbinherit\u00a0\u00bb row_position_phone=\u00a0\u00bbinherit\u00a0\u00bb overflow=\u00a0\u00bbvisible\u00a0\u00bb overlay_strength=\u00a0\u00bb0.3&Prime; gradient_direction=\u00a0\u00bbleft_to_right\u00a0\u00bb shape_divider_position=\u00a0\u00bbbottom\u00a0\u00bb bg_image_animation=\u00a0\u00bbnone\u00a0\u00bb][vc_column column_padding=\u00a0\u00bbno-extra-padding\u00a0\u00bb column_padding_tablet=\u00a0\u00bbinherit\u00a0\u00bb column_padding_phone=\u00a0\u00bbinherit\u00a0\u00bb column_padding_position=\u00a0\u00bball\u00a0\u00bb flex_gap_desktop=\u00a0\u00bb10px\u00a0\u00bb column_element_direction_desktop=\u00a0\u00bbdefault\u00a0\u00bb column_element_spacing=\u00a0\u00bbdefault\u00a0\u00bb desktop_text_alignment=\u00a0\u00bbdefault\u00a0\u00bb tablet_text_alignment=\u00a0\u00bbdefault\u00a0\u00bb phone_text_alignment=\u00a0\u00bbdefault\u00a0\u00bb background_color_opacity=\u00a0\u00bb1&Prime; background_hover_color_opacity=\u00a0\u00bb1&Prime; column_backdrop_filter=\u00a0\u00bbnone\u00a0\u00bb column_shadow=\u00a0\u00bbnone\u00a0\u00bb column_border_radius=\u00a0\u00bbnone\u00a0\u00bb column_link_target=\u00a0\u00bb_self\u00a0\u00bb column_position=\u00a0\u00bbdefault\u00a0\u00bb gradient_direction=\u00a0\u00bbleft_to_right\u00a0\u00bb overlay_strength=\u00a0\u00bb0.3&Prime; width=\u00a0\u00bb1\/1&Prime; tablet_width_inherit=\u00a0\u00bbdefault\u00a0\u00bb animation_type=\u00a0\u00bbdefault\u00a0\u00bb bg_image_animation=\u00a0\u00bbnone\u00a0\u00bb border_type=\u00a0\u00bbsimple\u00a0\u00bb column_border_width=\u00a0\u00bbnone\u00a0\u00bb column_border_style=\u00a0\u00bbsolid\u00a0\u00bb][vc_column_text css=\u00a0\u00bb\u00a0\u00bb text_direction=\u00a0\u00bbdefault\u00a0\u00bb]\n<h1>Politique relative aux cookies<\/h1>\n[\/vc_column_text][vc_raw_js]JTNDc2NyaXB0JTIwaWQlM0QlMjJDb29raWVEZWNsYXJhdGlvbiUyMiUyMHNyYyUzRCUyMmh0dHBzJTNBJTJGJTJGY29uc2VudC5jb29raWVib3QuY29tJTJGMzYxOWEzYjctNjE4YS00Y2VmLTlkNjUtNDRkYTM5NjBmMWE2JTJGY2QuanMlMjIlMjB0eXBlJTNEJTIydGV4dCUyRmphdmFzY3JpcHQlMjIlMjBhc3luYyUzRSUzQyUyRnNjcmlwdCUzRQ==[\/vc_raw_js][\/vc_column][\/vc_row]\n<!-- \/wp:heading -->","protected":false},"excerpt":{"rendered":"<p>[vc_row type=\u00a0\u00bbin_container\u00a0\u00bb full_screen_row_position=\u00a0\u00bbmiddle\u00a0\u00bb column_margin=\u00a0\u00bbdefault\u00a0\u00bb column_direction=\u00a0\u00bbdefault\u00a0\u00bb column_direction_tablet=\u00a0\u00bbdefault\u00a0\u00bb column_direction_phone=\u00a0\u00bbdefault\u00a0\u00bb scene_position=\u00a0\u00bbcenter\u00a0\u00bb text_color=\u00a0\u00bbdark\u00a0\u00bb text_align=\u00a0\u00bbleft\u00a0\u00bb row_border_radius=\u00a0\u00bbnone\u00a0\u00bb row_border_radius_applies=\u00a0\u00bbbg\u00a0\u00bb row_position_desktop=\u00a0\u00bbdefault\u00a0\u00bb row_position_tablet=\u00a0\u00bbinherit\u00a0\u00bb row_position_phone=\u00a0\u00bbinherit\u00a0\u00bb overflow=\u00a0\u00bbvisible\u00a0\u00bb overlay_strength=\u00a0\u00bb0.3&Prime; gradient_direction=\u00a0\u00bbleft_to_right\u00a0\u00bb shape_divider_position=\u00a0\u00bbbottom\u00a0\u00bb bg_image_animation=\u00a0\u00bbnone\u00a0\u00bb][vc_column column_padding=\u00a0\u00bbno-extra-padding\u00a0\u00bb column_padding_tablet=\u00a0\u00bbinherit\u00a0\u00bb column_padding_phone=\u00a0\u00bbinherit\u00a0\u00bb column_padding_position=\u00a0\u00bball\u00a0\u00bb flex_gap_desktop=\u00a0\u00bb10px\u00a0\u00bb&#8230;<\/p>\n","protected":false},"author":1,"featured_media":0,"parent":0,"menu_order":0,"comment_status":"closed","ping_status":"open","template":"","meta":{"footnotes":""},"class_list":["post-7650","page","type-page","status-publish"],"_links":{"self":[{"href":"https:\/\/laquartina.com\/fr\/wp-json\/wp\/v2\/pages\/7650","targetHints":{"allow":["GET"]}}],"collection":[{"href":"https:\/\/laquartina.com\/fr\/wp-json\/wp\/v2\/pages"}],"about":[{"href":"https:\/\/laquartina.com\/fr\/wp-json\/wp\/v2\/types\/page"}],"author":[{"embeddable":true,"href":"https:\/\/laquartina.com\/fr\/wp-json\/wp\/v2\/users\/1"}],"replies":[{"embeddable":true,"href":"https:\/\/laquartina.com\/fr\/wp-json\/wp\/v2\/comments?post=7650"}],"version-history":[{"count":1,"href":"https:\/\/laquartina.com\/fr\/wp-json\/wp\/v2\/pages\/7650\/revisions"}],"predecessor-version":[{"id":7651,"href":"https:\/\/laquartina.com\/fr\/wp-json\/wp\/v2\/pages\/7650\/revisions\/7651"}],"wp:attachment":[{"href":"https:\/\/laquartina.com\/fr\/wp-json\/wp\/v2\/media?parent=7650"}],"curies":[{"name":"wp","href":"https:\/\/api.w.org\/{rel}","templated":true}]}}